{"id":1018,"date":"2022-02-16T10:02:54","date_gmt":"2022-02-16T13:02:54","guid":{"rendered":"http:\/\/blog.ouronobre.com\/?page_id=1018"},"modified":"2022-02-21T14:26:34","modified_gmt":"2022-02-21T17:26:34","slug":"sobre-nos","status":"publish","type":"page","link":"https:\/\/blog.ouronobre.com\/?page_id=1018","title":{"rendered":"Sobre N\u00f3s"},"content":{"rendered":"\t\t<div data-elementor-type=\"wp-page\" data-elementor-id=\"1018\" class=\"elementor elementor-1018\" data-elementor-post-type=\"page\">\n\t\t\t\t\t\t<section class=\"elementor-section elementor-top-section elementor-element elementor-element-7408b4d elementor-section-boxed elementor-section-height-default elementor-section-height-default\" data-id=\"7408b4d\" data-element_type=\"section\">\n\t\t\t\t\t\t<div class=\"elementor-container elementor-column-gap-default\">\n\t\t\t\t\t<div class=\"elementor-column elementor-col-100 elementor-top-column elementor-element elementor-element-2a4321d\" data-id=\"2a4321d\" data-element_type=\"column\">\n\t\t\t<div class=\"elementor-widget-wrap elementor-element-populated\">\n\t\t\t\t\t\t<div class=\"elementor-element elementor-element-dde1696 elementor-widget elementor-widget-text-editor\" data-id=\"dde1696\" data-element_type=\"widget\" data-widget_type=\"text-editor.default\">\n\t\t\t\t<div class=\"elementor-widget-container\">\n\t\t\t<style>\/*! elementor - v3.23.0 - 05-08-2024 *\/\n.elementor-widget-text-editor.elementor-drop-cap-view-stacked .elementor-drop-cap{background-color:#69727d;color:#fff}.elementor-widget-text-editor.elementor-drop-cap-view-framed .elementor-drop-cap{color:#69727d;border:3px solid;background-color:transparent}.elementor-widget-text-editor:not(.elementor-drop-cap-view-default) .elementor-drop-cap{margin-top:8px}.elementor-widget-text-editor:not(.elementor-drop-cap-view-default) .elementor-drop-cap-letter{width:1em;height:1em}.elementor-widget-text-editor .elementor-drop-cap{float:left;text-align:center;line-height:1;font-size:50px}.elementor-widget-text-editor .elementor-drop-cap-letter{display:inline-block}<\/style>\t\t\t\t<p>A Ouro Nobre \u00e9 uma empresa Mineira, que atua na cidade de Uberl\u00e2ndia, no tri\u00e2ngulo Mineiro. Tem uma administra\u00e7\u00e3o com mais de 20 anos de experi\u00eancia no mercado ativo, especializada em solu\u00e7\u00f5es financeiras\u00a0e rigorosamente qualificada na aquisi\u00e7\u00e3o de\u00a0metais nobres, como por exemplo,\u00a0o mais nobres de todos: O\u00a0OURO.<\/p><p>Uma empresa totalmente independente, sem qualquer v\u00ednculo pol\u00edtico, \u00f3rg\u00e3os governamentais ou credenciamento banc\u00e1rios, mas que faz parte dos 55% da movimenta\u00e7\u00e3o econ\u00f4mica do mercado interno do Pa\u00eds, comprando metais nobres, joias finas e rel\u00f3gios de luxo, gerando empregos diretos e indiretos, comprometida com a preserva\u00e7\u00e3o do meio ambiente e a natureza, conquistando a cada dia a credibilidade de seus colaboradores, clientes, empresas parceiras e da m\u00eddia em geral.<\/p>\t\t\t\t\t\t<\/div>\n\t\t\t\t<\/div>\n\t\t\t\t\t<\/div>\n\t\t<\/div>\n\t\t\t\t\t<\/div>\n\t\t<\/section>\n\t\t\t\t<section class=\"elementor-section elementor-top-section elementor-element elementor-element-9353f45 elementor-section-boxed elementor-section-height-default elementor-section-height-default\" data-id=\"9353f45\" data-element_type=\"section\">\n\t\t\t\t\t\t<div class=\"elementor-container elementor-column-gap-default\">\n\t\t\t\t\t<div class=\"elementor-column elementor-col-100 elementor-top-column elementor-element elementor-element-5ce5199\" data-id=\"5ce5199\" data-element_type=\"column\">\n\t\t\t<div class=\"elementor-widget-wrap elementor-element-populated\">\n\t\t\t\t\t\t<div class=\"elementor-element elementor-element-947498e elementor-widget elementor-widget-accordion\" data-id=\"947498e\" data-element_type=\"widget\" data-widget_type=\"accordion.default\">\n\t\t\t\t<div class=\"elementor-widget-container\">\n\t\t\t<style>\/*! elementor - v3.23.0 - 05-08-2024 *\/\n.elementor-accordion{text-align:start}.elementor-accordion .elementor-accordion-item{border:1px solid #d5d8dc}.elementor-accordion .elementor-accordion-item+.elementor-accordion-item{border-top:none}.elementor-accordion .elementor-tab-title{margin:0;padding:15px 20px;font-weight:700;line-height:1;cursor:pointer;outline:none}.elementor-accordion .elementor-tab-title .elementor-accordion-icon{display:inline-block;width:1.5em}.elementor-accordion .elementor-tab-title .elementor-accordion-icon svg{width:1em;height:1em}.elementor-accordion .elementor-tab-title .elementor-accordion-icon.elementor-accordion-icon-right{float:right;text-align:right}.elementor-accordion .elementor-tab-title .elementor-accordion-icon.elementor-accordion-icon-left{float:left;text-align:left}.elementor-accordion .elementor-tab-title .elementor-accordion-icon .elementor-accordion-icon-closed{display:block}.elementor-accordion .elementor-tab-title .elementor-accordion-icon .elementor-accordion-icon-opened,.elementor-accordion .elementor-tab-title.elementor-active .elementor-accordion-icon-closed{display:none}.elementor-accordion .elementor-tab-title.elementor-active .elementor-accordion-icon-opened{display:block}.elementor-accordion .elementor-tab-content{display:none;padding:15px 20px;border-top:1px solid #d5d8dc}@media (max-width:767px){.elementor-accordion .elementor-tab-title{padding:12px 15px}.elementor-accordion .elementor-tab-title .elementor-accordion-icon{width:1.2em}.elementor-accordion .elementor-tab-content{padding:7px 15px}}.e-con-inner>.elementor-widget-accordion,.e-con>.elementor-widget-accordion{width:var(--container-widget-width);--flex-grow:var(--container-widget-flex-grow)}<\/style>\t\t<div class=\"elementor-accordion\">\n\t\t\t\t\t\t\t<div class=\"elementor-accordion-item\">\n\t\t\t\t\t<div id=\"elementor-tab-title-1551\" class=\"elementor-tab-title\" data-tab=\"1\" role=\"button\" aria-controls=\"elementor-tab-content-1551\" aria-expanded=\"false\">\n\t\t\t\t\t\t\t\t\t\t\t\t\t<span class=\"elementor-accordion-icon elementor-accordion-icon-left\" aria-hidden=\"true\">\n\t\t\t\t\t\t\t\t\t\t\t\t\t\t\t<span class=\"elementor-accordion-icon-closed\"><i class=\"fas fa-plus\"><\/i><\/span>\n\t\t\t\t\t\t\t\t<span class=\"elementor-accordion-icon-opened\"><i class=\"fas fa-minus\"><\/i><\/span>\n\t\t\t\t\t\t\t\t\t\t\t\t\t\t<\/span>\n\t\t\t\t\t\t\t\t\t\t\t\t<a class=\"elementor-accordion-title\" tabindex=\"0\">NOSSA MISS\u00c3O<\/a>\n\t\t\t\t\t<\/div>\n\t\t\t\t\t<div id=\"elementor-tab-content-1551\" class=\"elementor-tab-content elementor-clearfix\" data-tab=\"1\" role=\"region\" aria-labelledby=\"elementor-tab-title-1551\"><div class=\"ha-toggle__item\"><div id=\"ha-toggle__item-content-1591\" class=\"ha-toggle__item-content ha-toggle__item--active\" role=\"tabpanel\" data-tab=\"1\" aria-labelledby=\"ha-toggle__item-title-1591\"><p>Manter a empresa atualizada e capacitada para a melhoria dos servi\u00e7os, com vantagens competitivas e transpar\u00eancia para os clientes<\/p><\/div><\/div><\/div>\n\t\t\t\t<\/div>\n\t\t\t\t\t\t\t<div class=\"elementor-accordion-item\">\n\t\t\t\t\t<div id=\"elementor-tab-title-1552\" class=\"elementor-tab-title\" data-tab=\"2\" role=\"button\" aria-controls=\"elementor-tab-content-1552\" aria-expanded=\"false\">\n\t\t\t\t\t\t\t\t\t\t\t\t\t<span class=\"elementor-accordion-icon elementor-accordion-icon-left\" aria-hidden=\"true\">\n\t\t\t\t\t\t\t\t\t\t\t\t\t\t\t<span class=\"elementor-accordion-icon-closed\"><i class=\"fas fa-plus\"><\/i><\/span>\n\t\t\t\t\t\t\t\t<span class=\"elementor-accordion-icon-opened\"><i class=\"fas fa-minus\"><\/i><\/span>\n\t\t\t\t\t\t\t\t\t\t\t\t\t\t<\/span>\n\t\t\t\t\t\t\t\t\t\t\t\t<a class=\"elementor-accordion-title\" tabindex=\"0\">NOSSA VIS\u00c3O<\/a>\n\t\t\t\t\t<\/div>\n\t\t\t\t\t<div id=\"elementor-tab-content-1552\" class=\"elementor-tab-content elementor-clearfix\" data-tab=\"2\" role=\"region\" aria-labelledby=\"elementor-tab-title-1552\"><div class=\"elementor-element elementor-element-985e638 animated-fast ha-toggle--icon-left elementor-widget elementor-widget-ha-toggle happy-addon ha-toggle happy-addon-pro animated fadeInUp\" data-id=\"985e638\" data-element_type=\"widget\" data-settings=\"{&quot;_animation&quot;:&quot;fadeInUp&quot;}\" data-widget_type=\"ha-toggle.default\"><div class=\"elementor-widget-container\"><div class=\"ha-toggle__wrapper\" role=\"tablist\"><div class=\"ha-toggle__item\"><div id=\"ha-toggle__item-content-1592\" class=\"ha-toggle__item-content ha-toggle__item--active\" role=\"tabpanel\" data-tab=\"2\" aria-labelledby=\"ha-toggle__item-title-1592\"><p>Adequar-se \u00e0s transforma\u00e7\u00f5es do mercado e ser refer\u00eancia nacional na aquisi\u00e7\u00e3o de metais nobres, joias finas e rel\u00f3gios de luxo.<\/p><\/div><\/div><\/div><\/div><\/div><\/div>\n\t\t\t\t<\/div>\n\t\t\t\t\t\t\t\t<\/div>\n\t\t\t\t<\/div>\n\t\t\t\t<\/div>\n\t\t\t\t\t<\/div>\n\t\t<\/div>\n\t\t\t\t\t<\/div>\n\t\t<\/section>\n\t\t\t\t<section class=\"elementor-section elementor-top-section elementor-element elementor-element-dc2ab21 elementor-section-boxed elementor-section-height-default elementor-section-height-default\" data-id=\"dc2ab21\" data-element_type=\"section\">\n\t\t\t\t\t\t<div class=\"elementor-container elementor-column-gap-default\">\n\t\t\t\t\t<div class=\"elementor-column elementor-col-100 elementor-top-column elementor-element elementor-element-a4caf6c\" data-id=\"a4caf6c\" data-element_type=\"column\">\n\t\t\t<div class=\"elementor-widget-wrap elementor-element-populated\">\n\t\t\t\t\t\t<div class=\"elementor-element elementor-element-eb07831 elementor-widget elementor-widget-heading\" data-id=\"eb07831\" data-element_type=\"widget\" data-widget_type=\"heading.default\">\n\t\t\t\t<div class=\"elementor-widget-container\">\n\t\t\t<style>\/*! elementor - v3.23.0 - 05-08-2024 *\/\n.elementor-heading-title{padding:0;margin:0;line-height:1}.elementor-widget-heading .elementor-heading-title[class*=elementor-size-]>a{color:inherit;font-size:inherit;line-height:inherit}.elementor-widget-heading .elementor-heading-title.elementor-size-small{font-size:15px}.elementor-widget-heading .elementor-heading-title.elementor-size-medium{font-size:19px}.elementor-widget-heading .elementor-heading-title.elementor-size-large{font-size:29px}.elementor-widget-heading .elementor-heading-title.elementor-size-xl{font-size:39px}.elementor-widget-heading .elementor-heading-title.elementor-size-xxl{font-size:59px}<\/style><h2 class=\"elementor-heading-title elementor-size-default\">ONDE ESTAMOS<\/h2>\t\t<\/div>\n\t\t\t\t<\/div>\n\t\t\t\t<div class=\"elementor-element elementor-element-de95345 elementor-widget elementor-widget-text-editor\" data-id=\"de95345\" data-element_type=\"widget\" data-widget_type=\"text-editor.default\">\n\t\t\t\t<div class=\"elementor-widget-container\">\n\t\t\t\t\t\t\t<p><strong>Rua:<\/strong> Duque de Caxias, 450 &#8211; Sala: 508 &#8211; Centro. Uberlandia\/MG. CEP. 38400-901<\/p>\t\t\t\t\t\t<\/div>\n\t\t\t\t<\/div>\n\t\t\t\t<div class=\"elementor-element elementor-element-f09d2e8 elementor-widget elementor-widget-google_maps\" data-id=\"f09d2e8\" data-element_type=\"widget\" data-widget_type=\"google_maps.default\">\n\t\t\t\t<div class=\"elementor-widget-container\">\n\t\t\t<style>\/*! elementor - v3.23.0 - 05-08-2024 *\/\n.elementor-widget-google_maps .elementor-widget-container{overflow:hidden}.elementor-widget-google_maps .elementor-custom-embed{line-height:0}.elementor-widget-google_maps iframe{height:300px}<\/style>\t\t<div class=\"elementor-custom-embed\">\n\t\t\t<iframe loading=\"lazy\"\n\t\t\t\t\tsrc=\"https:\/\/maps.google.com\/maps?q=Rua%20Duque%20de%20Caxias%2C%20450%20-%20Centro%20-%20Uberl%C3%A2ndia%2FMG&#038;t=m&#038;z=16&#038;output=embed&#038;iwloc=near\"\n\t\t\t\t\ttitle=\"Rua Duque de Caxias, 450 - Centro - Uberl\u00e2ndia\/MG\"\n\t\t\t\t\taria-label=\"Rua Duque de Caxias, 450 - Centro - Uberl\u00e2ndia\/MG\"\n\t\t\t><\/iframe>\n\t\t<\/div>\n\t\t\t\t<\/div>\n\t\t\t\t<\/div>\n\t\t\t\t\t<\/div>\n\t\t<\/div>\n\t\t\t\t\t<\/div>\n\t\t<\/section>\n\t\t\t\t<\/div>\n\t\t","protected":false},"excerpt":{"rendered":"<p>A Ouro Nobre \u00e9 uma empresa Mineira, que atua na cidade de Uberl\u00e2ndia, no tri\u00e2ngulo Mineiro. Tem uma administra\u00e7\u00e3o com mais de 20 anos de experi\u00eancia no mercado ativo, especializada em solu\u00e7\u00f5es financeiras\u00a0e rigorosamente qualificada na aquisi\u00e7\u00e3o de\u00a0metais nobres, como por exemplo,\u00a0o mais nobres de todos: O\u00a0OURO. Uma empresa totalmente independente, sem qualquer v\u00ednculo pol\u00edtico, &#8230; <a title=\"Sobre N\u00f3s\" class=\"read-more\" href=\"https:\/\/blog.ouronobre.com\/?page_id=1018\" aria-label=\"Read more about Sobre N\u00f3s\">Ler mais<\/a><\/p>\n","protected":false},"author":1,"featured_media":0,"parent":0,"menu_order":0,"comment_status":"closed","ping_status":"closed","template":"","meta":{"footnotes":""},"class_list":["post-1018","page","type-page","status-publish"],"yoast_head":"<!-- This site is optimized with the Yoast SEO plugin v23.3 - https:\/\/yoast.com\/wordpress\/plugins\/seo\/ -->\n<title>Sobre N\u00f3s -<\/title>\n<meta name=\"robots\" content=\"index, follow, max-snippet:-1, max-image-preview:large, max-video-preview:-1\" \/>\n<link rel=\"canonical\" href=\"https:\/\/blog.ouronobre.com\/?page_id=1018\" \/>\n<meta property=\"og:locale\" content=\"pt_BR\" \/>\n<meta property=\"og:type\" content=\"article\" \/>\n<meta property=\"og:title\" content=\"Sobre N\u00f3s -\" \/>\n<meta property=\"og:description\" content=\"A Ouro Nobre \u00e9 uma empresa Mineira, que atua na cidade de Uberl\u00e2ndia, no tri\u00e2ngulo Mineiro. Tem uma administra\u00e7\u00e3o com mais de 20 anos de experi\u00eancia no mercado ativo, especializada em solu\u00e7\u00f5es financeiras\u00a0e rigorosamente qualificada na aquisi\u00e7\u00e3o de\u00a0metais nobres, como por exemplo,\u00a0o mais nobres de todos: O\u00a0OURO. Uma empresa totalmente independente, sem qualquer v\u00ednculo pol\u00edtico, ... Ler mais\" \/>\n<meta property=\"og:url\" content=\"https:\/\/blog.ouronobre.com\/?page_id=1018\" \/>\n<meta property=\"article:modified_time\" content=\"2022-02-21T17:26:34+00:00\" \/>\n<meta name=\"twitter:card\" content=\"summary_large_image\" \/>\n<meta name=\"twitter:label1\" content=\"Est. tempo de leitura\" \/>\n\t<meta name=\"twitter:data1\" content=\"2 minutos\" \/>\n<script type=\"application\/ld+json\" class=\"yoast-schema-graph\">{\"@context\":\"https:\/\/schema.org\",\"@graph\":[{\"@type\":\"WebPage\",\"@id\":\"https:\/\/blog.ouronobre.com\/?page_id=1018\",\"url\":\"https:\/\/blog.ouronobre.com\/?page_id=1018\",\"name\":\"Sobre N\u00f3s -\",\"isPartOf\":{\"@id\":\"https:\/\/blog.ouronobre.com\/#website\"},\"datePublished\":\"2022-02-16T13:02:54+00:00\",\"dateModified\":\"2022-02-21T17:26:34+00:00\",\"breadcrumb\":{\"@id\":\"https:\/\/blog.ouronobre.com\/?page_id=1018#breadcrumb\"},\"inLanguage\":\"pt-BR\",\"potentialAction\":[{\"@type\":\"ReadAction\",\"target\":[\"https:\/\/blog.ouronobre.com\/?page_id=1018\"]}]},{\"@type\":\"BreadcrumbList\",\"@id\":\"https:\/\/blog.ouronobre.com\/?page_id=1018#breadcrumb\",\"itemListElement\":[{\"@type\":\"ListItem\",\"position\":1,\"name\":\"In\u00edcio\",\"item\":\"https:\/\/blog.ouronobre.com\/\"},{\"@type\":\"ListItem\",\"position\":2,\"name\":\"Sobre N\u00f3s\"}]},{\"@type\":\"WebSite\",\"@id\":\"https:\/\/blog.ouronobre.com\/#website\",\"url\":\"https:\/\/blog.ouronobre.com\/\",\"name\":\"\",\"description\":\"\",\"publisher\":{\"@id\":\"https:\/\/blog.ouronobre.com\/#organization\"},\"potentialAction\":[{\"@type\":\"SearchAction\",\"target\":{\"@type\":\"EntryPoint\",\"urlTemplate\":\"https:\/\/blog.ouronobre.com\/?s={search_term_string}\"},\"query-input\":\"required name=search_term_string\"}],\"inLanguage\":\"pt-BR\"},{\"@type\":\"Organization\",\"@id\":\"https:\/\/blog.ouronobre.com\/#organization\",\"name\":\"Ouro Nobre Uberl\u00e2ndia\",\"url\":\"https:\/\/blog.ouronobre.com\/\",\"logo\":{\"@type\":\"ImageObject\",\"inLanguage\":\"pt-BR\",\"@id\":\"https:\/\/blog.ouronobre.com\/#\/schema\/logo\/image\/\",\"url\":\"http:\/\/blog.ouronobre.com\/wp-content\/uploads\/2022\/02\/cropped-Logo-Ouro-Nobre-espelho.png\",\"contentUrl\":\"http:\/\/blog.ouronobre.com\/wp-content\/uploads\/2022\/02\/cropped-Logo-Ouro-Nobre-espelho.png\",\"width\":500,\"height\":292,\"caption\":\"Ouro Nobre Uberl\u00e2ndia\"},\"image\":{\"@id\":\"https:\/\/blog.ouronobre.com\/#\/schema\/logo\/image\/\"}}]}<\/script>\n<!-- \/ Yoast SEO plugin. -->","yoast_head_json":{"title":"Sobre N\u00f3s -","robots":{"index":"index","follow":"follow","max-snippet":"max-snippet:-1","max-image-preview":"max-image-preview:large","max-video-preview":"max-video-preview:-1"},"canonical":"https:\/\/blog.ouronobre.com\/?page_id=1018","og_locale":"pt_BR","og_type":"article","og_title":"Sobre N\u00f3s -","og_description":"A Ouro Nobre \u00e9 uma empresa Mineira, que atua na cidade de Uberl\u00e2ndia, no tri\u00e2ngulo Mineiro. Tem uma administra\u00e7\u00e3o com mais de 20 anos de experi\u00eancia no mercado ativo, especializada em solu\u00e7\u00f5es financeiras\u00a0e rigorosamente qualificada na aquisi\u00e7\u00e3o de\u00a0metais nobres, como por exemplo,\u00a0o mais nobres de todos: O\u00a0OURO. Uma empresa totalmente independente, sem qualquer v\u00ednculo pol\u00edtico, ... Ler mais","og_url":"https:\/\/blog.ouronobre.com\/?page_id=1018","article_modified_time":"2022-02-21T17:26:34+00:00","twitter_card":"summary_large_image","twitter_misc":{"Est. tempo de leitura":"2 minutos"},"schema":{"@context":"https:\/\/schema.org","@graph":[{"@type":"WebPage","@id":"https:\/\/blog.ouronobre.com\/?page_id=1018","url":"https:\/\/blog.ouronobre.com\/?page_id=1018","name":"Sobre N\u00f3s -","isPartOf":{"@id":"https:\/\/blog.ouronobre.com\/#website"},"datePublished":"2022-02-16T13:02:54+00:00","dateModified":"2022-02-21T17:26:34+00:00","breadcrumb":{"@id":"https:\/\/blog.ouronobre.com\/?page_id=1018#breadcrumb"},"inLanguage":"pt-BR","potentialAction":[{"@type":"ReadAction","target":["https:\/\/blog.ouronobre.com\/?page_id=1018"]}]},{"@type":"BreadcrumbList","@id":"https:\/\/blog.ouronobre.com\/?page_id=1018#breadcrumb","itemListElement":[{"@type":"ListItem","position":1,"name":"In\u00edcio","item":"https:\/\/blog.ouronobre.com\/"},{"@type":"ListItem","position":2,"name":"Sobre N\u00f3s"}]},{"@type":"WebSite","@id":"https:\/\/blog.ouronobre.com\/#website","url":"https:\/\/blog.ouronobre.com\/","name":"","description":"","publisher":{"@id":"https:\/\/blog.ouronobre.com\/#organization"},"potentialAction":[{"@type":"SearchAction","target":{"@type":"EntryPoint","urlTemplate":"https:\/\/blog.ouronobre.com\/?s={search_term_string}"},"query-input":"required name=search_term_string"}],"inLanguage":"pt-BR"},{"@type":"Organization","@id":"https:\/\/blog.ouronobre.com\/#organization","name":"Ouro Nobre Uberl\u00e2ndia","url":"https:\/\/blog.ouronobre.com\/","logo":{"@type":"ImageObject","inLanguage":"pt-BR","@id":"https:\/\/blog.ouronobre.com\/#\/schema\/logo\/image\/","url":"http:\/\/blog.ouronobre.com\/wp-content\/uploads\/2022\/02\/cropped-Logo-Ouro-Nobre-espelho.png","contentUrl":"http:\/\/blog.ouronobre.com\/wp-content\/uploads\/2022\/02\/cropped-Logo-Ouro-Nobre-espelho.png","width":500,"height":292,"caption":"Ouro Nobre Uberl\u00e2ndia"},"image":{"@id":"https:\/\/blog.ouronobre.com\/#\/schema\/logo\/image\/"}}]}},"_links":{"self":[{"href":"https:\/\/blog.ouronobre.com\/index.php?rest_route=\/wp\/v2\/pages\/1018"}],"collection":[{"href":"https:\/\/blog.ouronobre.com\/index.php?rest_route=\/wp\/v2\/pages"}],"about":[{"href":"https:\/\/blog.ouronobre.com\/index.php?rest_route=\/wp\/v2\/types\/page"}],"author":[{"embeddable":true,"href":"https:\/\/blog.ouronobre.com\/index.php?rest_route=\/wp\/v2\/users\/1"}],"replies":[{"embeddable":true,"href":"https:\/\/blog.ouronobre.com\/index.php?rest_route=%2Fwp%2Fv2%2Fcomments&post=1018"}],"version-history":[{"count":13,"href":"https:\/\/blog.ouronobre.com\/index.php?rest_route=\/wp\/v2\/pages\/1018\/revisions"}],"predecessor-version":[{"id":1080,"href":"https:\/\/blog.ouronobre.com\/index.php?rest_route=\/wp\/v2\/pages\/1018\/revisions\/1080"}],"wp:attachment":[{"href":"https:\/\/blog.ouronobre.com\/index.php?rest_route=%2Fwp%2Fv2%2Fmedia&parent=1018"}],"curies":[{"name":"wp","href":"https:\/\/api.w.org\/{rel}","templated":true}]}}